{"id":347,"date":"2022-04-09T20:22:11","date_gmt":"2022-04-09T18:22:11","guid":{"rendered":"http:\/\/marie-line-arragon.com\/index.php\/accueil-francais\/"},"modified":"2025-07-01T17:55:14","modified_gmt":"2025-07-01T15:55:14","slug":"accueil-francais","status":"publish","type":"page","link":"https:\/\/marie-line-arragon.com\/","title":{"rendered":"Accueil &#8211; Fran\u00e7ais"},"content":{"rendered":"\t\t<div data-elementor-type=\"wp-page\" data-elementor-id=\"347\" class=\"elementor elementor-347\">\n\t\t\t\t\t\t<section class=\"elementor-section elementor-top-section elementor-element elementor-element-c0e48fb elementor-section-boxed elementor-section-height-default elementor-section-height-default\" data-id=\"c0e48fb\" data-element_type=\"section\">\n\t\t\t\t\t\t<div class=\"elementor-container elementor-column-gap-no\">\n\t\t\t\t\t<div class=\"elementor-column elementor-col-33 elementor-top-column elementor-element elementor-element-e3adba5\" data-id=\"e3adba5\" data-element_type=\"column\">\n\t\t\t<div class=\"elementor-widget-wrap elementor-element-populated\">\n\t\t\t\t\t\t<div class=\"elementor-element elementor-element-b071655 elementor-widget elementor-widget-image\" data-id=\"b071655\" data-element_type=\"widget\" data-widget_type=\"image.default\">\n\t\t\t\t<div class=\"elementor-widget-container\">\n\t\t\t<style>\/*! elementor - v3.19.0 - 28-02-2024 *\/\n.elementor-widget-image{text-align:center}.elementor-widget-image a{display:inline-block}.elementor-widget-image a img[src$=\".svg\"]{width:48px}.elementor-widget-image img{vertical-align:middle;display:inline-block}<\/style>\t\t\t\t\t\t\t<figure class=\"wp-caption\">\n\t\t\t\t\t\t\t\t\t\t\t<a href=\"https:\/\/marie-line-arragon.com\/index.php\/biographie\/\">\n\t\t\t\t\t\t\t<img fetchpriority=\"high\" decoding=\"async\" width=\"525\" height=\"787\" src=\"https:\/\/marie-line-arragon.com\/wp-content\/uploads\/2025\/07\/Site-internet-MLA-683x1024.png\" class=\"attachment-large size-large wp-image-1365\" alt=\"Marie-Line Arragon poussant deux harpes\" srcset=\"https:\/\/marie-line-arragon.com\/wp-content\/uploads\/2025\/07\/Site-internet-MLA-683x1024.png 683w, https:\/\/marie-line-arragon.com\/wp-content\/uploads\/2025\/07\/Site-internet-MLA-200x300.png 200w, https:\/\/marie-line-arragon.com\/wp-content\/uploads\/2025\/07\/Site-internet-MLA-768x1152.png 768w, https:\/\/marie-line-arragon.com\/wp-content\/uploads\/2025\/07\/Site-internet-MLA-1024x1536.png 1024w, https:\/\/marie-line-arragon.com\/wp-content\/uploads\/2025\/07\/Site-internet-MLA.png 1365w\" sizes=\"100vw\" \/>\t\t\t\t\t\t\t\t<\/a>\n\t\t\t\t\t\t\t\t\t\t\t<figcaption class=\"widget-image-caption wp-caption-text\">\u00a9Thibault Carron<\/figcaption>\n\t\t\t\t\t\t\t\t\t\t<\/figure>\n\t\t\t\t\t\t\t<\/div>\n\t\t\t\t<\/div>\n\t\t\t\t\t<\/div>\n\t\t<\/div>\n\t\t\t\t<div class=\"elementor-column elementor-col-33 elementor-top-column elementor-element elementor-element-9020eac\" data-id=\"9020eac\" data-element_type=\"column\">\n\t\t\t<div class=\"elementor-widget-wrap elementor-element-populated\">\n\t\t\t\t\t\t<div class=\"elementor-element elementor-element-79f1ac2 elementor-widget elementor-widget-image\" data-id=\"79f1ac2\" data-element_type=\"widget\" data-widget_type=\"image.default\">\n\t\t\t\t<div class=\"elementor-widget-container\">\n\t\t\t\t\t\t\t\t\t\t<figure class=\"wp-caption\">\n\t\t\t\t\t\t\t\t\t\t\t<a href=\"https:\/\/marie-line-arragon.com\/index.php\/activites\/\">\n\t\t\t\t\t\t\t<img decoding=\"async\" width=\"525\" height=\"787\" src=\"https:\/\/marie-line-arragon.com\/wp-content\/uploads\/2025\/07\/Site-internet-MLA-1-683x1024.png\" class=\"attachment-large size-large wp-image-1366\" alt=\"Petite harpe celtique pos\u00e9e dans des fleurs\" srcset=\"https:\/\/marie-line-arragon.com\/wp-content\/uploads\/2025\/07\/Site-internet-MLA-1-683x1024.png 683w, https:\/\/marie-line-arragon.com\/wp-content\/uploads\/2025\/07\/Site-internet-MLA-1-200x300.png 200w, https:\/\/marie-line-arragon.com\/wp-content\/uploads\/2025\/07\/Site-internet-MLA-1-768x1152.png 768w, https:\/\/marie-line-arragon.com\/wp-content\/uploads\/2025\/07\/Site-internet-MLA-1-1024x1536.png 1024w, https:\/\/marie-line-arragon.com\/wp-content\/uploads\/2025\/07\/Site-internet-MLA-1.png 1365w\" sizes=\"100vw\" \/>\t\t\t\t\t\t\t\t<\/a>\n\t\t\t\t\t\t\t\t\t\t\t<figcaption class=\"widget-image-caption wp-caption-text\">\u00a9Thibault Carron<\/figcaption>\n\t\t\t\t\t\t\t\t\t\t<\/figure>\n\t\t\t\t\t\t\t<\/div>\n\t\t\t\t<\/div>\n\t\t\t\t\t<\/div>\n\t\t<\/div>\n\t\t\t\t<div class=\"elementor-column elementor-col-33 elementor-top-column elementor-element elementor-element-8236da3\" data-id=\"8236da3\" data-element_type=\"column\">\n\t\t\t<div class=\"elementor-widget-wrap elementor-element-populated\">\n\t\t\t\t\t\t<div class=\"elementor-element elementor-element-0371e01 elementor-widget elementor-widget-image\" data-id=\"0371e01\" data-element_type=\"widget\" data-widget_type=\"image.default\">\n\t\t\t\t<div class=\"elementor-widget-container\">\n\t\t\t\t\t\t\t\t\t\t<figure class=\"wp-caption\">\n\t\t\t\t\t\t\t\t\t\t\t<a href=\"https:\/\/marie-line-arragon.com\/index.php\/contact-2\/\">\n\t\t\t\t\t\t\t<img decoding=\"async\" width=\"525\" height=\"787\" src=\"https:\/\/marie-line-arragon.com\/wp-content\/uploads\/2025\/07\/Site-internet-MLA-2-683x1024.png\" class=\"attachment-large size-large wp-image-1367\" alt=\"Marie-Line Arragon posant devant une harpe \u00e0 Montr\u00e9al\" srcset=\"https:\/\/marie-line-arragon.com\/wp-content\/uploads\/2025\/07\/Site-internet-MLA-2-683x1024.png 683w, https:\/\/marie-line-arragon.com\/wp-content\/uploads\/2025\/07\/Site-internet-MLA-2-200x300.png 200w, https:\/\/marie-line-arragon.com\/wp-content\/uploads\/2025\/07\/Site-internet-MLA-2-768x1152.png 768w, https:\/\/marie-line-arragon.com\/wp-content\/uploads\/2025\/07\/Site-internet-MLA-2-1024x1536.png 1024w, https:\/\/marie-line-arragon.com\/wp-content\/uploads\/2025\/07\/Site-internet-MLA-2.png 1365w\" sizes=\"100vw\" \/>\t\t\t\t\t\t\t\t<\/a>\n\t\t\t\t\t\t\t\t\t\t\t<figcaption class=\"widget-image-caption wp-caption-text\">@Thibault Carron<\/figcaption>\n\t\t\t\t\t\t\t\t\t\t<\/figure>\n\t\t\t\t\t\t\t<\/div>\n\t\t\t\t<\/div>\n\t\t\t\t\t<\/div>\n\t\t<\/div>\n\t\t\t\t\t<\/div>\n\t\t<\/section>\n\t\t\t\t<section class=\"elementor-section elementor-top-section elementor-element elementor-element-0ebf012 elementor-section-boxed elementor-section-height-default elementor-section-height-default\" data-id=\"0ebf012\" data-element_type=\"section\">\n\t\t\t\t\t\t<div class=\"elementor-container elementor-column-gap-default\">\n\t\t\t\t\t<div class=\"elementor-column elementor-col-100 elementor-top-column elementor-element elementor-element-704ea1a\" data-id=\"704ea1a\" data-element_type=\"column\">\n\t\t\t<div class=\"elementor-widget-wrap elementor-element-populated\">\n\t\t\t\t\t\t<div class=\"elementor-element elementor-element-5bfdf24 elementor-widget elementor-widget-text-editor\" data-id=\"5bfdf24\" data-element_type=\"widget\" data-widget_type=\"text-editor.default\">\n\t\t\t\t<div class=\"elementor-widget-container\">\n\t\t\t<style>\/*! elementor - v3.19.0 - 28-02-2024 *\/\n.elementor-widget-text-editor.elementor-drop-cap-view-stacked .elementor-drop-cap{background-color:#69727d;color:#fff}.elementor-widget-text-editor.elementor-drop-cap-view-framed .elementor-drop-cap{color:#69727d;border:3px solid;background-color:transparent}.elementor-widget-text-editor:not(.elementor-drop-cap-view-default) .elementor-drop-cap{margin-top:8px}.elementor-widget-text-editor:not(.elementor-drop-cap-view-default) .elementor-drop-cap-letter{width:1em;height:1em}.elementor-widget-text-editor .elementor-drop-cap{float:left;text-align:center;line-height:1;font-size:50px}.elementor-widget-text-editor .elementor-drop-cap-letter{display:inline-block}<\/style>\t\t\t\t<p>Je revendique qu&rsquo;aucune intelligence artificielle n&rsquo;a \u00e9t\u00e9 utilis\u00e9e pour la cr\u00e9ation de ce site.<br \/>C&rsquo;est moi-m\u00eame qui l&rsquo;ai fait, apr\u00e8s avoir regard\u00e9 de nombreuses vid\u00e9os explicatives \ud83d\ude42<br \/>Si vous remarquez un souci dans la navigation, n&rsquo;h\u00e9sitez pas \u00e0 m&rsquo;\u00e9crire pour m&rsquo;en faire part !<br \/>Bonne navigation et bienvenue !\u00a0\u2728<\/p>\t\t\t\t\t\t<\/div>\n\t\t\t\t<\/div>\n\t\t\t\t\t<\/div>\n\t\t<\/div>\n\t\t\t\t\t<\/div>\n\t\t<\/section>\n\t\t\t\t<\/div>\n\t\t","protected":false},"excerpt":{"rendered":"<p>\u00a9Thibault Carron \u00a9Thibault Carron @Thibault Carron Je revendique qu&rsquo;aucune intelligence artificielle n&rsquo;a \u00e9t\u00e9 utilis\u00e9e pour la cr\u00e9ation de ce site.C&rsquo;est moi-m\u00eame qui l&rsquo;ai fait, apr\u00e8s avoir regard\u00e9 de nombreuses vid\u00e9os explicatives \ud83d\ude42Si vous remarquez un souci dans la navigation, n&rsquo;h\u00e9sitez pas \u00e0 m&rsquo;\u00e9crire pour m&rsquo;en faire part !Bonne navigation et bienvenue !\u00a0\u2728<\/p>\n","protected":false},"author":1,"featured_media":0,"parent":0,"menu_order":0,"comment_status":"closed","ping_status":"closed","template":"","meta":{"footnotes":""},"class_list":["post-347","page","type-page","status-publish","hentry"],"yoast_head":"<!-- This site is optimized with the Yoast SEO plugin v27.4 - https:\/\/yoast.com\/product\/yoast-seo-wordpress\/ -->\n<title>Marie-Line ARRAGON - Harpiste<\/title>\n<meta name=\"description\" content=\"M\u00e9diatrice et harpiste, ayant travaill\u00e9 \u00e0 la Philharmonie de Paris, Marie-Line cr\u00e9e du lien entre la musique et vous-m\u00eames, publics !\" \/>\n<meta name=\"robots\" content=\"index, follow, max-snippet:-1, max-image-preview:large, max-video-preview:-1\" \/>\n<link rel=\"canonical\" href=\"https:\/\/marie-line-arragon.com\/\" \/>\n<meta property=\"og:locale\" content=\"fr_FR\" \/>\n<meta property=\"og:type\" content=\"article\" \/>\n<meta property=\"og:title\" content=\"Marie-Line ARRAGON - Harpiste\" \/>\n<meta property=\"og:description\" content=\"M\u00e9diatrice et harpiste, ayant travaill\u00e9 \u00e0 la Philharmonie de Paris, Marie-Line cr\u00e9e du lien entre la musique et vous-m\u00eames, publics !\" \/>\n<meta property=\"og:url\" content=\"https:\/\/marie-line-arragon.com\/\" \/>\n<meta property=\"og:site_name\" content=\"Marie-Line ARRAGON\" \/>\n<meta property=\"article:modified_time\" content=\"2025-07-01T15:55:14+00:00\" \/>\n<meta property=\"og:image\" content=\"https:\/\/marie-line-arragon.com\/wp-content\/uploads\/2025\/07\/Site-internet-MLA-683x1024.png\" \/>\n\t<meta property=\"og:image:width\" content=\"683\" \/>\n\t<meta property=\"og:image:height\" content=\"1024\" \/>\n\t<meta property=\"og:image:type\" content=\"image\/png\" \/>\n<meta name=\"twitter:card\" content=\"summary_large_image\" \/>\n<meta name=\"twitter:label1\" content=\"Dur\u00e9e de lecture estim\u00e9e\" \/>\n\t<meta name=\"twitter:data1\" content=\"1 minute\" \/>\n<script type=\"application\/ld+json\" class=\"yoast-schema-graph\">{\"@context\":\"https:\\\/\\\/schema.org\",\"@graph\":[{\"@type\":\"WebPage\",\"@id\":\"https:\\\/\\\/marie-line-arragon.com\\\/\",\"url\":\"https:\\\/\\\/marie-line-arragon.com\\\/\",\"name\":\"Marie-Line ARRAGON - Harpiste\",\"isPartOf\":{\"@id\":\"https:\\\/\\\/marie-line-arragon.com\\\/#website\"},\"primaryImageOfPage\":{\"@id\":\"https:\\\/\\\/marie-line-arragon.com\\\/#primaryimage\"},\"image\":{\"@id\":\"https:\\\/\\\/marie-line-arragon.com\\\/#primaryimage\"},\"thumbnailUrl\":\"https:\\\/\\\/marie-line-arragon.com\\\/wp-content\\\/uploads\\\/2025\\\/07\\\/Site-internet-MLA-683x1024.png\",\"datePublished\":\"2022-04-09T18:22:11+00:00\",\"dateModified\":\"2025-07-01T15:55:14+00:00\",\"description\":\"M\u00e9diatrice et harpiste, ayant travaill\u00e9 \u00e0 la Philharmonie de Paris, Marie-Line cr\u00e9e du lien entre la musique et vous-m\u00eames, publics !\",\"breadcrumb\":{\"@id\":\"https:\\\/\\\/marie-line-arragon.com\\\/#breadcrumb\"},\"inLanguage\":\"fr-FR\",\"potentialAction\":[{\"@type\":\"ReadAction\",\"target\":[\"https:\\\/\\\/marie-line-arragon.com\\\/\"]}]},{\"@type\":\"ImageObject\",\"inLanguage\":\"fr-FR\",\"@id\":\"https:\\\/\\\/marie-line-arragon.com\\\/#primaryimage\",\"url\":\"https:\\\/\\\/marie-line-arragon.com\\\/wp-content\\\/uploads\\\/2025\\\/07\\\/Site-internet-MLA.png\",\"contentUrl\":\"https:\\\/\\\/marie-line-arragon.com\\\/wp-content\\\/uploads\\\/2025\\\/07\\\/Site-internet-MLA.png\",\"width\":1365,\"height\":2048,\"caption\":\"\u00a9Thibault Carron\"},{\"@type\":\"BreadcrumbList\",\"@id\":\"https:\\\/\\\/marie-line-arragon.com\\\/#breadcrumb\",\"itemListElement\":[{\"@type\":\"ListItem\",\"position\":1,\"name\":\"Accueil\",\"item\":\"https:\\\/\\\/marie-line-arragon.com\\\/index.php\\\/en\\\/accueil\\\/\"},{\"@type\":\"ListItem\",\"position\":2,\"name\":\"Accueil &#8211; Fran\u00e7ais\"}]},{\"@type\":\"WebSite\",\"@id\":\"https:\\\/\\\/marie-line-arragon.com\\\/#website\",\"url\":\"https:\\\/\\\/marie-line-arragon.com\\\/\",\"name\":\"Marie-Line ARRAGON\",\"description\":\"Harpiste &amp; m\u00e9diatrice de la musique\",\"potentialAction\":[{\"@type\":\"SearchAction\",\"target\":{\"@type\":\"EntryPoint\",\"urlTemplate\":\"https:\\\/\\\/marie-line-arragon.com\\\/?s={search_term_string}\"},\"query-input\":{\"@type\":\"PropertyValueSpecification\",\"valueRequired\":true,\"valueName\":\"search_term_string\"}}],\"inLanguage\":\"fr-FR\"}]}<\/script>\n<!-- \/ Yoast SEO plugin. -->","yoast_head_json":{"title":"Marie-Line ARRAGON - Harpiste","description":"M\u00e9diatrice et harpiste, ayant travaill\u00e9 \u00e0 la Philharmonie de Paris, Marie-Line cr\u00e9e du lien entre la musique et vous-m\u00eames, publics !","robots":{"index":"index","follow":"follow","max-snippet":"max-snippet:-1","max-image-preview":"max-image-preview:large","max-video-preview":"max-video-preview:-1"},"canonical":"https:\/\/marie-line-arragon.com\/","og_locale":"fr_FR","og_type":"article","og_title":"Marie-Line ARRAGON - Harpiste","og_description":"M\u00e9diatrice et harpiste, ayant travaill\u00e9 \u00e0 la Philharmonie de Paris, Marie-Line cr\u00e9e du lien entre la musique et vous-m\u00eames, publics !","og_url":"https:\/\/marie-line-arragon.com\/","og_site_name":"Marie-Line ARRAGON","article_modified_time":"2025-07-01T15:55:14+00:00","og_image":[{"width":683,"height":1024,"url":"https:\/\/marie-line-arragon.com\/wp-content\/uploads\/2025\/07\/Site-internet-MLA-683x1024.png","type":"image\/png"}],"twitter_card":"summary_large_image","twitter_misc":{"Dur\u00e9e de lecture estim\u00e9e":"1 minute"},"schema":{"@context":"https:\/\/schema.org","@graph":[{"@type":"WebPage","@id":"https:\/\/marie-line-arragon.com\/","url":"https:\/\/marie-line-arragon.com\/","name":"Marie-Line ARRAGON - Harpiste","isPartOf":{"@id":"https:\/\/marie-line-arragon.com\/#website"},"primaryImageOfPage":{"@id":"https:\/\/marie-line-arragon.com\/#primaryimage"},"image":{"@id":"https:\/\/marie-line-arragon.com\/#primaryimage"},"thumbnailUrl":"https:\/\/marie-line-arragon.com\/wp-content\/uploads\/2025\/07\/Site-internet-MLA-683x1024.png","datePublished":"2022-04-09T18:22:11+00:00","dateModified":"2025-07-01T15:55:14+00:00","description":"M\u00e9diatrice et harpiste, ayant travaill\u00e9 \u00e0 la Philharmonie de Paris, Marie-Line cr\u00e9e du lien entre la musique et vous-m\u00eames, publics !","breadcrumb":{"@id":"https:\/\/marie-line-arragon.com\/#breadcrumb"},"inLanguage":"fr-FR","potentialAction":[{"@type":"ReadAction","target":["https:\/\/marie-line-arragon.com\/"]}]},{"@type":"ImageObject","inLanguage":"fr-FR","@id":"https:\/\/marie-line-arragon.com\/#primaryimage","url":"https:\/\/marie-line-arragon.com\/wp-content\/uploads\/2025\/07\/Site-internet-MLA.png","contentUrl":"https:\/\/marie-line-arragon.com\/wp-content\/uploads\/2025\/07\/Site-internet-MLA.png","width":1365,"height":2048,"caption":"\u00a9Thibault Carron"},{"@type":"BreadcrumbList","@id":"https:\/\/marie-line-arragon.com\/#breadcrumb","itemListElement":[{"@type":"ListItem","position":1,"name":"Accueil","item":"https:\/\/marie-line-arragon.com\/index.php\/en\/accueil\/"},{"@type":"ListItem","position":2,"name":"Accueil &#8211; Fran\u00e7ais"}]},{"@type":"WebSite","@id":"https:\/\/marie-line-arragon.com\/#website","url":"https:\/\/marie-line-arragon.com\/","name":"Marie-Line ARRAGON","description":"Harpiste &amp; m\u00e9diatrice de la musique","potentialAction":[{"@type":"SearchAction","target":{"@type":"EntryPoint","urlTemplate":"https:\/\/marie-line-arragon.com\/?s={search_term_string}"},"query-input":{"@type":"PropertyValueSpecification","valueRequired":true,"valueName":"search_term_string"}}],"inLanguage":"fr-FR"}]}},"_links":{"self":[{"href":"https:\/\/marie-line-arragon.com\/index.php\/wp-json\/wp\/v2\/pages\/347","targetHints":{"allow":["GET"]}}],"collection":[{"href":"https:\/\/marie-line-arragon.com\/index.php\/wp-json\/wp\/v2\/pages"}],"about":[{"href":"https:\/\/marie-line-arragon.com\/index.php\/wp-json\/wp\/v2\/types\/page"}],"author":[{"embeddable":true,"href":"https:\/\/marie-line-arragon.com\/index.php\/wp-json\/wp\/v2\/users\/1"}],"replies":[{"embeddable":true,"href":"https:\/\/marie-line-arragon.com\/index.php\/wp-json\/wp\/v2\/comments?post=347"}],"version-history":[{"count":107,"href":"https:\/\/marie-line-arragon.com\/index.php\/wp-json\/wp\/v2\/pages\/347\/revisions"}],"predecessor-version":[{"id":1377,"href":"https:\/\/marie-line-arragon.com\/index.php\/wp-json\/wp\/v2\/pages\/347\/revisions\/1377"}],"wp:attachment":[{"href":"https:\/\/marie-line-arragon.com\/index.php\/wp-json\/wp\/v2\/media?parent=347"}],"curies":[{"name":"wp","href":"https:\/\/api.w.org\/{rel}","templated":true}]}}